{"id":128,"date":"2014-05-31T17:26:27","date_gmt":"2014-05-31T17:26:27","guid":{"rendered":"http:\/\/demo.themegrill.com\/accelerate\/?page_id=128"},"modified":"2023-12-11T00:11:00","modified_gmt":"2023-12-10T22:11:00","slug":"about-us-2","status":"publish","type":"page","link":"https:\/\/mvottersdorf.de\/?page_id=128","title":{"rendered":"\u00dcber uns"},"content":{"rendered":"\n<p>Interesse mehr \u00fcber uns zu erfahren?<\/p>\n\n\n\n<p>Chronik:<br>&#8211; unsere <a href=\"https:\/\/mvottersdorf.de\/?page_id=451#VereinsgeschichteMVO\">Vereinsgeschichte<\/a> seit Gr\u00fcndung<br>&#8211; unsere <a href=\"https:\/\/mvottersdorf.de\/?page_id=451#Dirigenten\">Dirigenten<\/a> und <a href=\"https:\/\/mvottersdorf.de\/?page_id=451#Vorsitzende\">Vorsitzende<\/a><\/p>\n\n\n\n<p>Gerne k\u00f6nnen Sie <a href=\"https:\/\/mvottersdorf.de\/?page_id=578#KontaktMVO\">Kontakt<\/a> mit uns aufnehmen.<\/p>\n\n\n\n<p><a href=\"https:\/\/mvottersdorf.de\/?page_id=683#Downloadbereich\">Downloadbereich<\/a><\/p>\n\n\n\n<p><\/p>\n","protected":false},"excerpt":{"rendered":"<p>Interesse mehr \u00fcber uns zu erfahren? Chronik:&#8211; unsere Vereinsgeschichte seit Gr\u00fcndung&#8211; unsere Dirigenten und Vorsitzende Gerne k\u00f6nnen Sie Kontakt mit uns aufnehmen. Downloadbereich<\/p>\n","protected":false},"author":1,"featured_media":0,"parent":0,"menu_order":2,"comment_status":"closed","ping_status":"closed","template":"","meta":{"footnotes":""},"class_list":["post-128","page","type-page","status-publish","hentry"],"_links":{"self":[{"href":"https:\/\/mvottersdorf.de\/index.php?rest_route=\/wp\/v2\/pages\/128","targetHints":{"allow":["GET"]}}],"collection":[{"href":"https:\/\/mvottersdorf.de\/index.php?rest_route=\/wp\/v2\/pages"}],"about":[{"href":"https:\/\/mvottersdorf.de\/index.php?rest_route=\/wp\/v2\/types\/page"}],"author":[{"embeddable":true,"href":"https:\/\/mvottersdorf.de\/index.php?rest_route=\/wp\/v2\/users\/1"}],"replies":[{"embeddable":true,"href":"https:\/\/mvottersdorf.de\/index.php?rest_route=%2Fwp%2Fv2%2Fcomments&post=128"}],"version-history":[{"count":15,"href":"https:\/\/mvottersdorf.de\/index.php?rest_route=\/wp\/v2\/pages\/128\/revisions"}],"predecessor-version":[{"id":1241,"href":"https:\/\/mvottersdorf.de\/index.php?rest_route=\/wp\/v2\/pages\/128\/revisions\/1241"}],"wp:attachment":[{"href":"https:\/\/mvottersdorf.de\/index.php?rest_route=%2Fwp%2Fv2%2Fmedia&parent=128"}],"curies":[{"name":"wp","href":"https:\/\/api.w.org\/{rel}","templated":true}]}}