{"id":696,"date":"2020-05-09T23:51:11","date_gmt":"2020-05-09T22:51:11","guid":{"rendered":"http:\/\/mvottersdorf.de\/?page_id=696"},"modified":"2023-12-10T23:43:03","modified_gmt":"2023-12-10T21:43:03","slug":"blockfloetenausbildung","status":"publish","type":"page","link":"https:\/\/mvottersdorf.de\/?page_id=696","title":{"rendered":"Blockfl\u00f6tenausbildung"},"content":{"rendered":"\n<div class=\"wp-block-media-text alignwide\" style=\"grid-template-columns:40% auto\" id=\"Blockfl\u00f6tenausbildungMVO\"><figure class=\"wp-block-media-text__media\"><img loading=\"lazy\" decoding=\"async\" width=\"320\" height=\"167\" src=\"https:\/\/mvottersdorf.de\/wp-content\/uploads\/Fl\u00f6te01.jpg\" alt=\"\" class=\"wp-image-352 size-full\" srcset=\"https:\/\/mvottersdorf.de\/wp-content\/uploads\/Fl\u00f6te01.jpg 320w, https:\/\/mvottersdorf.de\/wp-content\/uploads\/Fl\u00f6te01-300x157.jpg 300w\" sizes=\"auto, (max-width: 320px) 100vw, 320px\" \/><\/figure><div class=\"wp-block-media-text__content\">\n<p>F\u00fcr Kinder\nab 5 Jahren bieten wir, der Musikverein Ottersdorf e.V., eine\nBlockfl\u00f6tenausbildung an. Diese findet vorzugsweise in Form von\nEinzelunterricht oder in Gruppen von maximal 2 Kindern statt. Den Kindern\nwerden von vereinseigenen Ausbildern die ersten Notenkenntnisse und das Spiel\nauf der Blockfl\u00f6te vermittelt. An unserer Jugendvorstellung d\u00fcrfen die Kinder\nihr K\u00f6nnen schlie\u00dflich unter Beweis stellen. <\/p>\n<\/div><\/div>\n\n\n\n<p>Am Ende der Blockfl\u00f6tenausbildung steht der \u00dcbergang auf verschiedene andere Instrumente.  <\/p>\n\n\n\n<p>Neben dem Erlernen des Instrumentes stehen zahlreiche gemeinsame  Aktivit\u00e4ten mit anderen Z\u00f6glingen des Vereins wie beispielsweise  Ausfl\u00fcge ins Bowlingcenter, gemeinsame Kinonachmittage oder Grillfeste  auf dem Programm. <\/p>\n\n\n\n<p>Der Unterricht findet w\u00f6chentlich f\u00fcr jeweils eine halbe Stunde statt. Die Kosten hierf\u00fcr betragen 16 Euro pro Monat.<\/p>\n\n\n\n<p>Ihr Kind hat Interesse? Dann treten Sie in <a href=\"https:\/\/mvottersdorf.de\/?page_id=578#KontaktMVO\">Kontakt<\/a> mit uns.<\/p>\n","protected":false},"excerpt":{"rendered":"<p>F\u00fcr Kinder ab 5 Jahren bieten wir, der Musikverein Ottersdorf e.V., eine Blockfl\u00f6tenausbildung an. Diese findet vorzugsweise in Form von Einzelunterricht oder in Gruppen von maximal 2 Kindern statt. Den Kindern werden von vereinseigenen Ausbildern die ersten Notenkenntnisse und das<\/p>\n","protected":false},"author":1,"featured_media":0,"parent":0,"menu_order":0,"comment_status":"closed","ping_status":"closed","template":"","meta":{"footnotes":""},"class_list":["post-696","page","type-page","status-publish","hentry"],"_links":{"self":[{"href":"https:\/\/mvottersdorf.de\/index.php?rest_route=\/wp\/v2\/pages\/696","targetHints":{"allow":["GET"]}}],"collection":[{"href":"https:\/\/mvottersdorf.de\/index.php?rest_route=\/wp\/v2\/pages"}],"about":[{"href":"https:\/\/mvottersdorf.de\/index.php?rest_route=\/wp\/v2\/types\/page"}],"author":[{"embeddable":true,"href":"https:\/\/mvottersdorf.de\/index.php?rest_route=\/wp\/v2\/users\/1"}],"replies":[{"embeddable":true,"href":"https:\/\/mvottersdorf.de\/index.php?rest_route=%2Fwp%2Fv2%2Fcomments&post=696"}],"version-history":[{"count":11,"href":"https:\/\/mvottersdorf.de\/index.php?rest_route=\/wp\/v2\/pages\/696\/revisions"}],"predecessor-version":[{"id":1229,"href":"https:\/\/mvottersdorf.de\/index.php?rest_route=\/wp\/v2\/pages\/696\/revisions\/1229"}],"wp:attachment":[{"href":"https:\/\/mvottersdorf.de\/index.php?rest_route=%2Fwp%2Fv2%2Fmedia&parent=696"}],"curies":[{"name":"wp","href":"https:\/\/api.w.org\/{rel}","templated":true}]}}