{"id":705,"date":"2020-05-10T00:00:59","date_gmt":"2020-05-09T23:00:59","guid":{"rendered":"http:\/\/mvottersdorf.de\/?page_id=705"},"modified":"2023-12-10T23:46:33","modified_gmt":"2023-12-10T21:46:33","slug":"instrumentalausbildung","status":"publish","type":"page","link":"https:\/\/mvottersdorf.de\/?page_id=705","title":{"rendered":"Instrumentalausbildung"},"content":{"rendered":"\n<div class=\"wp-block-media-text alignwide\" style=\"grid-template-columns:33% auto\" id=\"InstrumentalausbildungMVO\"><figure class=\"wp-block-media-text__media\"><img loading=\"lazy\" decoding=\"async\" width=\"354\" height=\"222\" src=\"https:\/\/mvottersdorf.de\/wp-content\/uploads\/Logo-MVO-neu.jpg\" alt=\"\" class=\"wp-image-72 size-full\" srcset=\"https:\/\/mvottersdorf.de\/wp-content\/uploads\/Logo-MVO-neu.jpg 354w, https:\/\/mvottersdorf.de\/wp-content\/uploads\/Logo-MVO-neu-300x188.jpg 300w\" sizes=\"auto, (max-width: 354px) 100vw, 354px\" \/><\/figure><div class=\"wp-block-media-text__content\">\n<p class=\"has-normal-font-size\">Der Instrumentalunterricht bildet die Grundlage, um im Orchester des Musikvereins aktiv zu werden. Vor dieser empfehlen wir das Erlernen der Blockfl\u00f6te, was jedoch nicht verpflichtend ist.<br>Der Musikverein bietet die M\u00f6glichkeit zwischen folgenden Instrumenten zu w\u00e4hlen: Klarinette, Posaune, Querfl\u00f6te, Saxophon, Schlagzeug, Tenorhorn, Trompete, Tuba oder Waldhorn. <\/p>\n<\/div><\/div>\n\n\n\n<p>Abh\u00e4ngig vom\njeweiligen Ausbilder findet der Instrumentalunterricht allein oder zu zweit f\u00fcr\neine halbe Stunde statt. <\/p>\n\n\n\n<p>F\u00fcr die H\u00f6he der monatlichen Ausbildungskosten nehmen Sie bitte <a href=\"https:\/\/mvottersdorf.de\/?page_id=578#KontaktMVO\">Kontakt<\/a> mit uns auf. Falls Sie kein eigenes Instrument besitzen, kann dieses f\u00fcr einen zus\u00e4tzlichen monatlichen Beitrag vom Verein geliehen werden. <\/p>\n\n\n\n<p>Ziel der Ausbildung ist das sp\u00e4tere Mitwirken in der sogenannten Seniorenkapelle, dem Stammorchester des Vereins. Um die Kinder daf\u00fcr vorzubereiten, verf\u00fcgt der Musikverein Ottersdorf e.V. ebenfalls \u00fcber eine <a href=\"https:\/\/mvottersdorf.de\/?page_id=810#Sch\u00fclerbandMVO\">Sch\u00fclerband<\/a>, bei der die Kinder das gemeinsame Musizieren erproben k\u00f6nnen. <\/p>\n\n\n\n<p>Interesse geweckt? Dann nehmen Sie doch <a href=\"https:\/\/mvottersdorf.de\/?page_id=578#KontaktMVO\">Kontakt<\/a> auf.<\/p>\n","protected":false},"excerpt":{"rendered":"<p>Der Instrumentalunterricht bildet die Grundlage, um im Orchester des Musikvereins aktiv zu werden. Vor dieser empfehlen wir das Erlernen der Blockfl\u00f6te, was jedoch nicht verpflichtend ist.Der Musikverein bietet die M\u00f6glichkeit zwischen folgenden Instrumenten zu w\u00e4hlen: Klarinette, Posaune, Querfl\u00f6te, Saxophon, Schlagzeug,<\/p>\n","protected":false},"author":1,"featured_media":0,"parent":0,"menu_order":0,"comment_status":"closed","ping_status":"closed","template":"","meta":{"footnotes":""},"class_list":["post-705","page","type-page","status-publish","hentry"],"_links":{"self":[{"href":"https:\/\/mvottersdorf.de\/index.php?rest_route=\/wp\/v2\/pages\/705","targetHints":{"allow":["GET"]}}],"collection":[{"href":"https:\/\/mvottersdorf.de\/index.php?rest_route=\/wp\/v2\/pages"}],"about":[{"href":"https:\/\/mvottersdorf.de\/index.php?rest_route=\/wp\/v2\/types\/page"}],"author":[{"embeddable":true,"href":"https:\/\/mvottersdorf.de\/index.php?rest_route=\/wp\/v2\/users\/1"}],"replies":[{"embeddable":true,"href":"https:\/\/mvottersdorf.de\/index.php?rest_route=%2Fwp%2Fv2%2Fcomments&post=705"}],"version-history":[{"count":11,"href":"https:\/\/mvottersdorf.de\/index.php?rest_route=\/wp\/v2\/pages\/705\/revisions"}],"predecessor-version":[{"id":1231,"href":"https:\/\/mvottersdorf.de\/index.php?rest_route=\/wp\/v2\/pages\/705\/revisions\/1231"}],"wp:attachment":[{"href":"https:\/\/mvottersdorf.de\/index.php?rest_route=%2Fwp%2Fv2%2Fmedia&parent=705"}],"curies":[{"name":"wp","href":"https:\/\/api.w.org\/{rel}","templated":true}]}}