{"id":810,"date":"2020-05-11T20:37:14","date_gmt":"2020-05-11T19:37:14","guid":{"rendered":"http:\/\/mvottersdorf.de\/?page_id=810"},"modified":"2025-02-22T13:28:16","modified_gmt":"2025-02-22T11:28:16","slug":"schuelerband","status":"publish","type":"page","link":"https:\/\/mvottersdorf.de\/?page_id=810","title":{"rendered":"Jugendkapelle"},"content":{"rendered":"\n<div class=\"wp-block-media-text alignwide\" style=\"grid-template-columns:48% auto\"><figure class=\"wp-block-media-text__media\"><img loading=\"lazy\" decoding=\"async\" width=\"1024\" height=\"683\" src=\"https:\/\/mvottersdorf.de\/wp-content\/uploads\/2025_Jugendkapelle_Fotoshooting-1-1024x683.jpg\" alt=\"\" class=\"wp-image-1426 size-full\" srcset=\"https:\/\/mvottersdorf.de\/wp-content\/uploads\/2025_Jugendkapelle_Fotoshooting-1-1024x683.jpg 1024w, https:\/\/mvottersdorf.de\/wp-content\/uploads\/2025_Jugendkapelle_Fotoshooting-1-300x200.jpg 300w, https:\/\/mvottersdorf.de\/wp-content\/uploads\/2025_Jugendkapelle_Fotoshooting-1-768x512.jpg 768w, https:\/\/mvottersdorf.de\/wp-content\/uploads\/2025_Jugendkapelle_Fotoshooting-1-1536x1024.jpg 1536w, https:\/\/mvottersdorf.de\/wp-content\/uploads\/2025_Jugendkapelle_Fotoshooting-1-2048x1365.jpg 2048w, https:\/\/mvottersdorf.de\/wp-content\/uploads\/2025_Jugendkapelle_Fotoshooting-1-250x167.jpg 250w\" sizes=\"auto, (max-width: 1024px) 100vw, 1024px\" \/><\/figure><div class=\"wp-block-media-text__content\">\n<p class=\"has-normal-font-size\" id=\"Jugendkapelle\" class=\"has-normal-font-size\">\nDie Jugendkapelle des Musikvereins Ottersdorf umfasst alle Jungmusiker, die schon mindestens 10 T\u00f6ne gelernt haben. Ziel dieser Kapelle ist es, den Kindern auf einfache Art und Weise n\u00e4herzubringen, wie es sich anf\u00fchlt, in einer gro\u00dfen Musikgruppe mitzuspielen. Somit werden sie auf das Mitspielen in der gro\u00dfen Kapelle vorbereitet.\n<\/p>\n<\/div><\/div>\n\n\n\n<p>Die Jugendkapelle wird geleitet von Annelie Seidel und probt jeden Freitag von 15:00 Uhr bis 16:00 Uhr im Gemeindehaus in Ottersdorf. Neben zahlreichen Auftritten, wie dem allj\u00e4hrlichen Weihnachtsspielen, wird das Gruppengef\u00fchl durch Ausfl\u00fcge und gemeinsame Aktivit\u00e4ten gest\u00e4rkt.<\/p>\n","protected":false},"excerpt":{"rendered":"<p>Die Jugendkapelle des Musikvereins Ottersdorf umfasst alle Jungmusiker, die schon mindestens 10 T\u00f6ne gelernt haben. Ziel dieser Kapelle ist es, den Kindern auf einfache Art und Weise n\u00e4herzubringen, wie es sich anf\u00fchlt, in einer gro\u00dfen Musikgruppe mitzuspielen. Somit werden sie<\/p>\n","protected":false},"author":1,"featured_media":0,"parent":0,"menu_order":0,"comment_status":"closed","ping_status":"closed","template":"","meta":{"footnotes":""},"class_list":["post-810","page","type-page","status-publish","hentry"],"_links":{"self":[{"href":"https:\/\/mvottersdorf.de\/index.php?rest_route=\/wp\/v2\/pages\/810","targetHints":{"allow":["GET"]}}],"collection":[{"href":"https:\/\/mvottersdorf.de\/index.php?rest_route=\/wp\/v2\/pages"}],"about":[{"href":"https:\/\/mvottersdorf.de\/index.php?rest_route=\/wp\/v2\/types\/page"}],"author":[{"embeddable":true,"href":"https:\/\/mvottersdorf.de\/index.php?rest_route=\/wp\/v2\/users\/1"}],"replies":[{"embeddable":true,"href":"https:\/\/mvottersdorf.de\/index.php?rest_route=%2Fwp%2Fv2%2Fcomments&post=810"}],"version-history":[{"count":19,"href":"https:\/\/mvottersdorf.de\/index.php?rest_route=\/wp\/v2\/pages\/810\/revisions"}],"predecessor-version":[{"id":1429,"href":"https:\/\/mvottersdorf.de\/index.php?rest_route=\/wp\/v2\/pages\/810\/revisions\/1429"}],"wp:attachment":[{"href":"https:\/\/mvottersdorf.de\/index.php?rest_route=%2Fwp%2Fv2%2Fmedia&parent=810"}],"curies":[{"name":"wp","href":"https:\/\/api.w.org\/{rel}","templated":true}]}}