{"id":816,"date":"2020-05-11T20:52:34","date_gmt":"2020-05-11T19:52:34","guid":{"rendered":"http:\/\/mvottersdorf.de\/?page_id=816"},"modified":"2025-02-22T13:18:37","modified_gmt":"2025-02-22T11:18:37","slug":"blaeserbande","status":"publish","type":"page","link":"https:\/\/mvottersdorf.de\/?page_id=816","title":{"rendered":"Bl\u00e4serbande"},"content":{"rendered":"\n<p id=\"Bl\u00e4serbandeMVO\">Die Bl\u00e4serbande ist ein Projekt, bei dem Sch\u00fcler der Grundschule  gemeinsam verschiedene Instrumente erlernen k\u00f6nnen. Hierzu  k\u00f6nnen die Kinder zun\u00e4chst jedes Instrument testen und schauen, welches  ihnen am meisten zusagt. Folgende Instrumente werden von unserem Verein angeboten: Horn, Klarinette, Posaune, Querfl\u00f6te, Saxophon, Schlagzeug, Tenorhorn, Trompete und Tuba.<\/p>\n\n\n\n<p>Nachdem sich die Kinder f\u00fcr ein Instrument entschieden haben, erlernen sie dieses unter der Leitung ihrer Ausbilderin\/ihres Ausbilders.<\/p>\n\n\n\n<p>Die Bl\u00e4serbande wird seit mehreren Jahren von unserem Verein  erfolgreich gef\u00fchrt. Einige Kinder des ersten Jahrgangs des Projekts spielen bereits in der Seniorenkapelle des Musikvereins mit. Durch die Bl\u00e4serbande k\u00f6nnen die jungen Musiker nach kurzer Zeit gemeinsam musizieren und pr\u00e4sentieren sich an verschiedenen Events wie z.B. am Schulfest oder an Seniorennachmittagen.<\/p>\n\n\n\n<p>Haben wir dein Interesse geweckt? Dann melde dich bei unseren <a href=\"https:\/\/mvottersdorf.de\/?page_id=578#Jugendleiter\">Jugendleiter*innen<\/a>. Gerne kannst du uns auch eine E-Mail an <a href=\"mailto:jugendleiter@mvottersdorf.de\" target=\"_blank\" rel=\"noreferrer noopener\">jugendleiter@mvottersdorf.de<\/a> schicken.<br><\/p>\n\n\n\n<p>Wir freuen uns auf dein Kommen \ud83d\ude42<\/p>\n","protected":false},"excerpt":{"rendered":"<p>Die Bl\u00e4serbande ist ein Projekt, bei dem Sch\u00fcler der Grundschule gemeinsam verschiedene Instrumente erlernen k\u00f6nnen. Hierzu k\u00f6nnen die Kinder zun\u00e4chst jedes Instrument testen und schauen, welches ihnen am meisten zusagt. Folgende Instrumente werden von unserem Verein angeboten: Horn, Klarinette, Posaune,<\/p>\n","protected":false},"author":1,"featured_media":0,"parent":0,"menu_order":0,"comment_status":"closed","ping_status":"closed","template":"","meta":{"footnotes":""},"class_list":["post-816","page","type-page","status-publish","hentry"],"_links":{"self":[{"href":"https:\/\/mvottersdorf.de\/index.php?rest_route=\/wp\/v2\/pages\/816","targetHints":{"allow":["GET"]}}],"collection":[{"href":"https:\/\/mvottersdorf.de\/index.php?rest_route=\/wp\/v2\/pages"}],"about":[{"href":"https:\/\/mvottersdorf.de\/index.php?rest_route=\/wp\/v2\/types\/page"}],"author":[{"embeddable":true,"href":"https:\/\/mvottersdorf.de\/index.php?rest_route=\/wp\/v2\/users\/1"}],"replies":[{"embeddable":true,"href":"https:\/\/mvottersdorf.de\/index.php?rest_route=%2Fwp%2Fv2%2Fcomments&post=816"}],"version-history":[{"count":7,"href":"https:\/\/mvottersdorf.de\/index.php?rest_route=\/wp\/v2\/pages\/816\/revisions"}],"predecessor-version":[{"id":1419,"href":"https:\/\/mvottersdorf.de\/index.php?rest_route=\/wp\/v2\/pages\/816\/revisions\/1419"}],"wp:attachment":[{"href":"https:\/\/mvottersdorf.de\/index.php?rest_route=%2Fwp%2Fv2%2Fmedia&parent=816"}],"curies":[{"name":"wp","href":"https:\/\/api.w.org\/{rel}","templated":true}]}}